{"id":130,"date":"2019-01-14T13:59:46","date_gmt":"2019-01-14T13:59:46","guid":{"rendered":"https:\/\/www.woof-o.nl\/?page_id=130"},"modified":"2025-12-15T06:23:02","modified_gmt":"2025-12-15T05:23:02","slug":"woof-o-walks","status":"publish","type":"page","link":"https:\/\/www.woof-o.nl\/de\/woof-o-walks\/","title":{"rendered":"woof-o walks"},"content":{"rendered":"<h1><strong>Vier Pfoten auf Abenteuer<\/strong><\/h1>\n<p><em>\u00a0<\/em><strong data-start=\"146\" data-end=\"209\"><img loading=\"lazy\" decoding=\"async\" class=\"size-medium wp-image-928 alignleft\" style=\"color: #000000; font-family: Arial, sans-serif;\" src=\"https:\/\/www.woof-o.nl\/wp-content\/uploads\/2023\/01\/ik-met-Otto-Charlie-Lola-300x225.jpg\" alt=\"\" width=\"300\" height=\"225\" srcset=\"https:\/\/www.woof-o.nl\/wp-content\/uploads\/2023\/01\/ik-met-Otto-Charlie-Lola-300x225.jpg 300w, https:\/\/www.woof-o.nl\/wp-content\/uploads\/2023\/01\/ik-met-Otto-Charlie-Lola-1024x768.jpg 1024w, https:\/\/www.woof-o.nl\/wp-content\/uploads\/2023\/01\/ik-met-Otto-Charlie-Lola-768x576.jpg 768w, https:\/\/www.woof-o.nl\/wp-content\/uploads\/2023\/01\/ik-met-Otto-Charlie-Lola-1536x1152.jpg 1536w, https:\/\/www.woof-o.nl\/wp-content\/uploads\/2023\/01\/ik-met-Otto-Charlie-Lola.jpg 1984w\" sizes=\"auto, (max-width: 300px) 100vw, 300px\" \/>Bei woof-o beginnt jede<\/strong><strong data-start=\"146\" data-end=\"209\">s Abenteuer mit einem wedelndem Schwanz!<\/strong><br data-start=\"209\" data-end=\"212\" \/>Du liebst deinen Hund \u2013 und m\u00f6chtest, dass er auch dann gl\u00fccklich, sicher und ausgeglich<span style=\"font-size: 1rem;\">en ist, wenn du gerade nicht bei ihm sein kannst. Genau daf\u00fcr sind wir da!<\/span><\/p>\n<p data-start=\"378\" data-end=\"686\">Bei <strong data-start=\"382\" data-end=\"392\">woof-o<\/strong> erlebt dein Hund fr\u00f6hliche, sichere Spazierg\u00e4nge voller Entdeckungen, Bewegung und Hundegesellschaft \u2013 professionell begleitet und liebevoll gef\u00fchrt. W\u00e4hrend dein Vierbeiner drau\u00dfen Abenteuer erlebt, kannst du dich entspannt deiner Arbeit, Terminen oder einfach einer kleinen Auszeit widmen.<\/p>\n<p data-start=\"688\" data-end=\"948\">Wir bieten <strong data-start=\"699\" data-end=\"736\">individuell abgestimmte Betreuung<\/strong> f\u00fcr Hunde aus <strong data-start=\"751\" data-end=\"781\">Amsterdam IJburg und Noord<\/strong> \u2013 mit Spazierg\u00e4ngen, die weit mehr sind als nur \u201eGassi gehen\u201c. Sie sind kleine Ausfl\u00fcge ins Gl\u00fcck \u2013 mit K\u00f6pfchen, Herz und viel Verst\u00e4ndnis f\u00fcr jedes einzelne Tier.<\/p>\n<h2><strong>Ausgewogene &amp; Gl\u00fcckliche Gruppen<\/strong><\/h2>\n<p><strong>Wichtig!<\/strong> Nicht jeder Hund f\u00fchlt sich in einer Gruppe wohl. Zum Schutz und Wohlbefinden aller k\u00f6nnen Hunde mit Verhaltensproblemen \u2013 wie starke Reaktivit\u00e4t, mangelnde Sozialisierung oder Angstst\u00f6rungen \u2013 leider nicht an Gruppenspazierg\u00e4ngen teilnehmen. <img loading=\"lazy\" decoding=\"async\" class=\"size-medium wp-image-858 alignright\" src=\"https:\/\/www.woof-o.nl\/wp-content\/uploads\/2022\/05\/cropped-20220525_125524-scaled-1-300x180.jpg\" alt=\"\" width=\"300\" height=\"180\" srcset=\"https:\/\/www.woof-o.nl\/wp-content\/uploads\/2022\/05\/cropped-20220525_125524-scaled-1-300x180.jpg 300w, https:\/\/www.woof-o.nl\/wp-content\/uploads\/2022\/05\/cropped-20220525_125524-scaled-1-1024x615.jpg 1024w, https:\/\/www.woof-o.nl\/wp-content\/uploads\/2022\/05\/cropped-20220525_125524-scaled-1-768x461.jpg 768w, https:\/\/www.woof-o.nl\/wp-content\/uploads\/2022\/05\/cropped-20220525_125524-scaled-1-1536x922.jpg 1536w, https:\/\/www.woof-o.nl\/wp-content\/uploads\/2022\/05\/cropped-20220525_125524-scaled-1.jpg 2000w\" sizes=\"auto, (max-width: 300px) 100vw, 300px\" \/> Unsere Gruppen werden daher sorgf\u00e4ltig zusammengestellt. Wir achten auf die individuellen Pers\u00f6nlichkeiten, Energielevel und rassespezifischen Eigenschaften. So entsteht Harmonie in der Gruppe, und jeder Spaziergang wird zu einem kleinen, lehrreichen Abenteuer.<\/p>\n<h2><strong>Der Erste Schritt: Ein Kennenlernen<\/strong><\/h2>\n<p>Bevor dein Hund sich ins Abenteuer st\u00fcrzt, starten wir mit einem kostenlosen und unverbindlichen Kennenlerntermin bei dir zu Hause. W\u00e4hrend dieses Treffens \u2013 eventuell mit einem kurzen Spaziergang \u2013 lernen wir dich und deinen Hund in vertrauter Umgebung kennen. Nur wenn wir sicher sind, dass alles passt, nehmen wir deinen Hund in die passende Gruppe auf. So wird jeder Spaziergang nicht nur sicher, sondern auch ein Erlebnis voller Freude, Balance und Entdeckung.<\/p>\n<h2><strong>Schema der Wanderungen<\/strong><\/h2>\n<p>Servicegebiete<\/p>\n<p><img loading=\"lazy\" decoding=\"async\" class=\"alignnone size-medium wp-image-1068\" src=\"https:\/\/www.woof-o.nl\/wp-content\/uploads\/2023\/11\/woof-o-ophaalgebied-Ijburg-1-300x300.jpg\" alt=\"\" width=\"300\" height=\"300\" srcset=\"https:\/\/www.woof-o.nl\/wp-content\/uploads\/2023\/11\/woof-o-ophaalgebied-Ijburg-1-300x300.jpg 300w, https:\/\/www.woof-o.nl\/wp-content\/uploads\/2023\/11\/woof-o-ophaalgebied-Ijburg-1-150x150.jpg 150w, https:\/\/www.woof-o.nl\/wp-content\/uploads\/2023\/11\/woof-o-ophaalgebied-Ijburg-1-768x766.jpg 768w, https:\/\/www.woof-o.nl\/wp-content\/uploads\/2023\/11\/woof-o-ophaalgebied-Ijburg-1-100x100.jpg 100w, https:\/\/www.woof-o.nl\/wp-content\/uploads\/2023\/11\/woof-o-ophaalgebied-Ijburg-1.jpg 808w\" sizes=\"auto, (max-width: 300px) 100vw, 300px\" \/> <img loading=\"lazy\" decoding=\"async\" class=\"alignnone size-medium wp-image-1067\" src=\"https:\/\/www.woof-o.nl\/wp-content\/uploads\/2023\/11\/woof-o-ophaalgebied-Amsterdam-Noord-1-164x300.jpg\" alt=\"\" width=\"164\" height=\"300\" srcset=\"https:\/\/www.woof-o.nl\/wp-content\/uploads\/2023\/11\/woof-o-ophaalgebied-Amsterdam-Noord-1-164x300.jpg 164w, https:\/\/www.woof-o.nl\/wp-content\/uploads\/2023\/11\/woof-o-ophaalgebied-Amsterdam-Noord-1.jpg 438w\" sizes=\"auto, (max-width: 164px) 100vw, 164px\" \/><\/p>\n<p>Woof-o bietet Spazierg\u00e4nge an festen Tagen an, je nach Gebiet aufgeteilt: <strong>Montag, Dienstag und Donnerstag: <br \/><\/strong>Gruppe 1: 09:30 \u2013 12:30 (Hunde aus IJburg) <br \/>Gruppe 2: 12:30 \u2013 15:30 (Hunde aus IJburg)<\/p>\n<p><strong>Mittwoch: <br \/><\/strong>Gruppe 1: 09:30 \u2013 12:30 (Hunde aus Noord) <br \/>Gruppe 2: 12:30 \u2013 15:30 (Hunde aus IJburg)<\/p>\n<p><strong>Freitag: <br \/><\/strong>Gruppe 1: 10:30 \u2013 13:30 (Hunde aus Noord)<\/p>\n<h2><strong>G\u00fcnstiges Monatsabonnement<\/strong><\/h2>\n<p>Woof-o bietet flexible Monatsabonnements an. Du erh\u00e4ltst um den 25. des Monats eine Rechnung f\u00fcr den kommenden Monat. Es stehen zwei Zahlungsmethoden zur Auswahl: <strong><a href=\"https:\/\/www.tikkie.me\" target=\"_blank\" rel=\"noopener\">Tikkie<\/a><\/strong> oder Lastschrift.<\/p>\n<p>1 Spaziergang pro Woche: \u20ac\u00a0 \u00a0 \u00a0 88,73<br \/>2 Spazierg\u00e4nge pro Woche: \u20ac 170,45<br \/>3 Spazierg\u00e4nge pro Woche: \u20ac 245,18<br \/>4 Spazierg\u00e4nge pro Woche: \u20ac 326,90 <br \/>5 Spazierg\u00e4nge pro Woche: \u20ac 408,63<\/p>\n<p>Die Preise <strong>gelten bis zum 31. Dezember 2026<\/strong>\u00a0und beinhalten 21 % MwSt. und Anfahrtskosten. <br \/>F\u00fcr den zweiten Hund desselben Besitzers gelten Sondervereinbarungen, ausschlie\u00dflich nach Absprache. <\/p>\n<p>Die Preise basieren auf einer durchschnittlichen Abwesenheit deines Hundes von sechs Wochen pro Jahr sowie vier Wochen Urlaub seitens woof-o. Eine Erstattung f\u00fcr nicht in Anspruch genommene Spazierg\u00e4nge erfolgt nicht.<\/p>\n<h2><a href=\"https:\/\/www.woof-o.nl\/contact\/\"><strong>Kontakt<\/strong><\/a><\/h2>\n<p>Sie erreichen mich \u00fcber das\u00a0<strong><a href=\"https:\/\/www.woof-o.nl\/contact\/\">Kontaktformular<\/a><\/strong>, per E-Mail\u00a0<strong><a href=\"mailto:stef@woof-o.nl\">stef@woof-o.nl<\/a><\/strong> oder auf dem Handy\/WhatsApp unter\u00a0<strong><a href=\"tel:+31611399779\">+31 (0) 6 113 99 77 9<\/a><\/strong>. Ich freue mich auf Sie.<\/p>\n","protected":false},"excerpt":{"rendered":"<p>Vier Pfoten auf Abenteuer \u00a0Bei woof-o beginnt jedes Abenteuer mit einem wedelndem Schwanz!Du liebst deinen Hund \u2013 und m\u00f6chtest, dass er auch dann gl\u00fccklich, sicher und ausgeglichen ist, wenn du gerade nicht bei ihm sein kannst. Genau daf\u00fcr sind wir da! Bei woof-o erlebt dein Hund fr\u00f6hliche, sichere Spazierg\u00e4nge voller Entdeckungen, Bewegung und Hundegesellschaft \u2013 &hellip; <\/p>\n<p class=\"link-more\"><a href=\"https:\/\/www.woof-o.nl\/de\/woof-o-walks\/\" class=\"more-link\"><span class=\"screen-reader-text\">\u201ewoof-o walks\u201c <\/span>weiterlesen<\/a><\/p>\n","protected":false},"author":1,"featured_media":0,"parent":0,"menu_order":0,"comment_status":"closed","ping_status":"closed","template":"","meta":{"footnotes":""},"class_list":["post-130","page","type-page","status-publish","hentry"],"translation":{"provider":"WPGlobus","version":"3.0.2","language":"de","enabled_languages":["nl","en","de"],"languages":{"nl":{"title":true,"content":true,"excerpt":false},"en":{"title":true,"content":true,"excerpt":false},"de":{"title":true,"content":true,"excerpt":false}}},"yoast_head":"<!-- This site is optimized with the Yoast SEO plugin v27.6 - https:\/\/yoast.com\/product\/yoast-seo-wordpress\/ -->\n<title>woof-o walks - woof-o<\/title>\n<meta name=\"description\" content=\"Professioneller Hundeservice in Amsterdam-Noord und IJburg. Wohlf\u00fchlorientierte Spazierg\u00e4nge, g\u00fcnstige Abonnements und pers\u00f6nlicher Service.\" \/>\n<meta name=\"robots\" content=\"index, follow, max-snippet:-1, max-image-preview:large, max-video-preview:-1\" \/>\n<link rel=\"canonical\" href=\"https:\/\/www.woof-o.nl\/woof-o-walks\/\" \/>\n<meta property=\"og:locale\" content=\"de_DE\" \/>\n<meta property=\"og:type\" content=\"article\" \/>\n<meta property=\"og:title\" content=\"woof-o walks - woof-o\" \/>\n<meta property=\"og:description\" content=\"Professioneller Hundeservice in Amsterdam-Noord und IJburg. Wohlf\u00fchlorientierte Spazierg\u00e4nge, g\u00fcnstige Abonnements und pers\u00f6nlicher Service.\" \/>\n<meta property=\"og:url\" content=\"https:\/\/www.woof-o.nl\/woof-o-walks\/\" \/>\n<meta property=\"og:site_name\" content=\"woof-o\" \/>\n<meta property=\"article:modified_time\" content=\"2025-12-15T05:23:02+00:00\" \/>\n<meta property=\"og:image\" content=\"https:\/\/www.woof-o.nl\/wp-content\/uploads\/2023\/01\/ik-met-Otto-Charlie-Lola.jpg\" \/>\n\t<meta property=\"og:image:width\" content=\"1984\" \/>\n\t<meta property=\"og:image:height\" content=\"1488\" \/>\n\t<meta property=\"og:image:type\" content=\"image\/jpeg\" \/>\n<meta name=\"twitter:card\" content=\"summary_large_image\" \/>\n<meta name=\"twitter:label1\" content=\"Gesch\u00e4tzte Lesezeit\" \/>\n\t<meta name=\"twitter:data1\" content=\"4\u00a0Minuten\" \/>\n<script type=\"application\/ld+json\" class=\"yoast-schema-graph\">{\"@context\":\"https:\\\/\\\/schema.org\",\"@graph\":[{\"@type\":\"WebPage\",\"@id\":\"https:\\\/\\\/www.woof-o.nl\\\/woof-o-walks\\\/\",\"url\":\"https:\\\/\\\/www.woof-o.nl\\\/woof-o-walks\\\/\",\"name\":\"woof-o walks - woof-o\",\"isPartOf\":{\"@id\":\"https:\\\/\\\/www.woof-o.nl\\\/de\\\/#website\"},\"primaryImageOfPage\":{\"@id\":\"https:\\\/\\\/www.woof-o.nl\\\/woof-o-walks\\\/#primaryimage\"},\"image\":{\"@id\":\"https:\\\/\\\/www.woof-o.nl\\\/woof-o-walks\\\/#primaryimage\"},\"thumbnailUrl\":\"https:\\\/\\\/www.woof-o.nl\\\/wp-content\\\/uploads\\\/2023\\\/01\\\/ik-met-Otto-Charlie-Lola-300x225.jpg\",\"datePublished\":\"2019-01-14T13:59:46+00:00\",\"dateModified\":\"2025-12-15T05:23:02+00:00\",\"description\":\"Professionele hondenuitlaatservice in Amsterdam-Noord en IJburg. Welzijnsgerichte wandelingen, voordelige abonnementen en persoonlijke service.\",\"breadcrumb\":{\"@id\":\"https:\\\/\\\/www.woof-o.nl\\\/woof-o-walks\\\/#breadcrumb\"},\"inLanguage\":\"de\",\"potentialAction\":[{\"@type\":\"ReadAction\",\"target\":[\"https:\\\/\\\/www.woof-o.nl\\\/woof-o-walks\\\/\"]}]},{\"@type\":\"ImageObject\",\"inLanguage\":\"de\",\"@id\":\"https:\\\/\\\/www.woof-o.nl\\\/woof-o-walks\\\/#primaryimage\",\"url\":\"https:\\\/\\\/www.woof-o.nl\\\/wp-content\\\/uploads\\\/2023\\\/01\\\/ik-met-Otto-Charlie-Lola-300x225.jpg\",\"contentUrl\":\"https:\\\/\\\/www.woof-o.nl\\\/wp-content\\\/uploads\\\/2023\\\/01\\\/ik-met-Otto-Charlie-Lola-300x225.jpg\"},{\"@type\":\"BreadcrumbList\",\"@id\":\"https:\\\/\\\/www.woof-o.nl\\\/woof-o-walks\\\/#breadcrumb\",\"itemListElement\":[{\"@type\":\"ListItem\",\"position\":1,\"name\":\"Home\",\"item\":\"https:\\\/\\\/www.woof-o.nl\\\/\"},{\"@type\":\"ListItem\",\"position\":2,\"name\":\"woof-o walks\"}]},{\"@type\":\"WebSite\",\"@id\":\"https:\\\/\\\/www.woof-o.nl\\\/de\\\/#website\",\"url\":\"https:\\\/\\\/www.woof-o.nl\\\/de\\\/\",\"name\":\"woof-o\",\"description\":\"Hunde ausf\u00fchren und erziehen\",\"publisher\":{\"@id\":\"https:\\\/\\\/www.woof-o.nl\\\/de\\\/#\\\/schema\\\/person\\\/a335f1f0e74e80f9089df8b856843c78\"},\"potentialAction\":[{\"@type\":\"SearchAction\",\"target\":{\"@type\":\"EntryPoint\",\"urlTemplate\":\"https:\\\/\\\/www.woof-o.nl\\\/de\\\/?s={search_term_string}\"},\"query-input\":{\"@type\":\"PropertyValueSpecification\",\"valueRequired\":true,\"valueName\":\"search_term_string\"}}],\"inLanguage\":\"de\"},{\"@type\":[\"Person\",\"Organization\"],\"@id\":\"https:\\\/\\\/www.woof-o.nl\\\/de\\\/#\\\/schema\\\/person\\\/a335f1f0e74e80f9089df8b856843c78\",\"name\":\"Stefanie Blomberg\",\"image\":{\"@type\":\"ImageObject\",\"inLanguage\":\"de\",\"@id\":\"https:\\\/\\\/www.woof-o.nl\\\/wp-content\\\/uploads\\\/2019\\\/01\\\/IMG-20180617-WA0003.jpg\",\"url\":\"https:\\\/\\\/www.woof-o.nl\\\/wp-content\\\/uploads\\\/2019\\\/01\\\/IMG-20180617-WA0003.jpg\",\"contentUrl\":\"https:\\\/\\\/www.woof-o.nl\\\/wp-content\\\/uploads\\\/2019\\\/01\\\/IMG-20180617-WA0003.jpg\",\"width\":1200,\"height\":1600,\"caption\":\"Stefanie Blomberg\"},\"logo\":{\"@id\":\"https:\\\/\\\/www.woof-o.nl\\\/wp-content\\\/uploads\\\/2019\\\/01\\\/IMG-20180617-WA0003.jpg\"}}]}<\/script>\n<!-- \/ Yoast SEO plugin. -->","yoast_head_json":{"title":"woof-o walks - woof-o","description":"Professioneller Hundeservice in Amsterdam-Noord und IJburg. Wohlf\u00fchlorientierte Spazierg\u00e4nge, g\u00fcnstige Abonnements und pers\u00f6nlicher Service.","robots":{"index":"index","follow":"follow","max-snippet":"max-snippet:-1","max-image-preview":"max-image-preview:large","max-video-preview":"max-video-preview:-1"},"canonical":"https:\/\/www.woof-o.nl\/woof-o-walks\/","og_locale":"de_DE","og_type":"article","og_title":"woof-o walks - woof-o","og_description":"Professioneller Hundeservice in Amsterdam-Noord und IJburg. Wohlf\u00fchlorientierte Spazierg\u00e4nge, g\u00fcnstige Abonnements und pers\u00f6nlicher Service.","og_url":"https:\/\/www.woof-o.nl\/woof-o-walks\/","og_site_name":"woof-o","article_modified_time":"2025-12-15T05:23:02+00:00","og_image":[{"width":1984,"height":1488,"url":"https:\/\/www.woof-o.nl\/wp-content\/uploads\/2023\/01\/ik-met-Otto-Charlie-Lola.jpg","type":"image\/jpeg"}],"twitter_card":"summary_large_image","twitter_misc":{"Gesch\u00e4tzte Lesezeit":"4\u00a0Minuten"},"schema":{"@context":"https:\/\/schema.org","@graph":[{"@type":"WebPage","@id":"https:\/\/www.woof-o.nl\/woof-o-walks\/","url":"https:\/\/www.woof-o.nl\/woof-o-walks\/","name":"woof-o walks - woof-o","isPartOf":{"@id":"https:\/\/www.woof-o.nl\/de\/#website"},"primaryImageOfPage":{"@id":"https:\/\/www.woof-o.nl\/woof-o-walks\/#primaryimage"},"image":{"@id":"https:\/\/www.woof-o.nl\/woof-o-walks\/#primaryimage"},"thumbnailUrl":"https:\/\/www.woof-o.nl\/wp-content\/uploads\/2023\/01\/ik-met-Otto-Charlie-Lola-300x225.jpg","datePublished":"2019-01-14T13:59:46+00:00","dateModified":"2025-12-15T05:23:02+00:00","description":"Professionele hondenuitlaatservice in Amsterdam-Noord en IJburg. Welzijnsgerichte wandelingen, voordelige abonnementen en persoonlijke service.","breadcrumb":{"@id":"https:\/\/www.woof-o.nl\/woof-o-walks\/#breadcrumb"},"inLanguage":"de","potentialAction":[{"@type":"ReadAction","target":["https:\/\/www.woof-o.nl\/woof-o-walks\/"]}]},{"@type":"ImageObject","inLanguage":"de","@id":"https:\/\/www.woof-o.nl\/woof-o-walks\/#primaryimage","url":"https:\/\/www.woof-o.nl\/wp-content\/uploads\/2023\/01\/ik-met-Otto-Charlie-Lola-300x225.jpg","contentUrl":"https:\/\/www.woof-o.nl\/wp-content\/uploads\/2023\/01\/ik-met-Otto-Charlie-Lola-300x225.jpg"},{"@type":"BreadcrumbList","@id":"https:\/\/www.woof-o.nl\/woof-o-walks\/#breadcrumb","itemListElement":[{"@type":"ListItem","position":1,"name":"Home","item":"https:\/\/www.woof-o.nl\/"},{"@type":"ListItem","position":2,"name":"woof-o walks"}]},{"@type":"WebSite","@id":"https:\/\/www.woof-o.nl\/de\/#website","url":"https:\/\/www.woof-o.nl\/de\/","name":"woof-o","description":"Hunde ausf\u00fchren und erziehen","publisher":{"@id":"https:\/\/www.woof-o.nl\/de\/#\/schema\/person\/a335f1f0e74e80f9089df8b856843c78"},"potentialAction":[{"@type":"SearchAction","target":{"@type":"EntryPoint","urlTemplate":"https:\/\/www.woof-o.nl\/de\/?s={search_term_string}"},"query-input":{"@type":"PropertyValueSpecification","valueRequired":true,"valueName":"search_term_string"}}],"inLanguage":"de"},{"@type":["Person","Organization"],"@id":"https:\/\/www.woof-o.nl\/de\/#\/schema\/person\/a335f1f0e74e80f9089df8b856843c78","name":"Stefanie Blomberg","image":{"@type":"ImageObject","inLanguage":"de","@id":"https:\/\/www.woof-o.nl\/wp-content\/uploads\/2019\/01\/IMG-20180617-WA0003.jpg","url":"https:\/\/www.woof-o.nl\/wp-content\/uploads\/2019\/01\/IMG-20180617-WA0003.jpg","contentUrl":"https:\/\/www.woof-o.nl\/wp-content\/uploads\/2019\/01\/IMG-20180617-WA0003.jpg","width":1200,"height":1600,"caption":"Stefanie Blomberg"},"logo":{"@id":"https:\/\/www.woof-o.nl\/wp-content\/uploads\/2019\/01\/IMG-20180617-WA0003.jpg"}}]}},"_links":{"self":[{"href":"https:\/\/www.woof-o.nl\/de\/wp-json\/wp\/v2\/pages\/130","targetHints":{"allow":["GET"]}}],"collection":[{"href":"https:\/\/www.woof-o.nl\/de\/wp-json\/wp\/v2\/pages"}],"about":[{"href":"https:\/\/www.woof-o.nl\/de\/wp-json\/wp\/v2\/types\/page"}],"author":[{"embeddable":true,"href":"https:\/\/www.woof-o.nl\/de\/wp-json\/wp\/v2\/users\/1"}],"replies":[{"embeddable":true,"href":"https:\/\/www.woof-o.nl\/de\/wp-json\/wp\/v2\/comments?post=130"}],"version-history":[{"count":136,"href":"https:\/\/www.woof-o.nl\/de\/wp-json\/wp\/v2\/pages\/130\/revisions"}],"predecessor-version":[{"id":1552,"href":"https:\/\/www.woof-o.nl\/de\/wp-json\/wp\/v2\/pages\/130\/revisions\/1552"}],"wp:attachment":[{"href":"https:\/\/www.woof-o.nl\/de\/wp-json\/wp\/v2\/media?parent=130"}],"curies":[{"name":"wp","href":"https:\/\/api.w.org\/{rel}","templated":true}]}}