{"id":4,"date":"2018-12-19T11:29:29","date_gmt":"2018-12-19T11:29:29","guid":{"rendered":"http:\/\/www.woof-o.nl\/?page_id=4"},"modified":"2025-10-11T09:06:56","modified_gmt":"2025-10-11T07:06:56","slug":"welkom","status":"publish","type":"page","link":"https:\/\/www.woof-o.nl\/de\/","title":{"rendered":"Willkommen"},"content":{"rendered":"\n<h1 class=\"wp-block-heading\"><a href=\"https:\/\/www.woof-o.nl\/woof-o-school\/\"><b>woof-o school<\/b><\/a><\/h1>\n\n\n\n<p><a href=\"https:\/\/www.woof-o.nl\/woof-o-school\/\"><img loading=\"lazy\" decoding=\"async\" class=\"alignnone size-medium wp-image-1490\" src=\"https:\/\/www.woof-o.nl\/wp-content\/uploads\/2025\/10\/STEF-kopie-300x200.jpg\" alt=\"\" width=\"300\" height=\"200\" srcset=\"https:\/\/www.woof-o.nl\/wp-content\/uploads\/2025\/10\/STEF-kopie-300x200.jpg 300w, https:\/\/www.woof-o.nl\/wp-content\/uploads\/2025\/10\/STEF-kopie-1024x683.jpg 1024w, https:\/\/www.woof-o.nl\/wp-content\/uploads\/2025\/10\/STEF-kopie-768x512.jpg 768w, https:\/\/www.woof-o.nl\/wp-content\/uploads\/2025\/10\/STEF-kopie-1536x1024.jpg 1536w, https:\/\/www.woof-o.nl\/wp-content\/uploads\/2025\/10\/STEF-kopie-2048x1365.jpg 2048w\" sizes=\"auto, (max-width: 300px) 100vw, 300px\" \/><\/a><br>Jeder Hund ist einzigartig &#8211; genau wie jeder Mensch.<\/p>\n\n\n\n<p>Deshalb ist Coaching bei woof-o <strong>immer individuell<\/strong>. Wir schauen nicht nur auf das sichtbare Verhalten, sondern auch auf die Emotionen dahinter. H\u00e4ufig ist sogenanntes \u201eProblemverhalten\u201c in Wahrheit ein Signal f\u00fcr Unsicherheit, \u00dcberforderung oder Frustration.<\/p>\n\n\n\n<p>Mit diesem Verst\u00e4ndnis schaffen wir die Grundlage f\u00fcr effektives, freundliches Training und mehr Freude im Alltag.<\/p>\n\n\n\n<p>Bei woof-o stehen <strong>pers\u00f6nliche Begleitung<\/strong> und das Wohlbefinden deines Hundes im Mittelpunkt.<\/p>\n\n\n\n<p><a href=\"https:\/\/www.woof-o.nl\/woof-o-school\/\"><i>&gt; Mehr erfahren<\/i><\/a><\/p>\n\n\n\n<h1 class=\"wp-block-heading\"><a href=\"https:\/\/www.woof-o.nl\/woof-o-walks\/\"><b>woof-o walks<\/b><\/a><\/h1>\n\n\n\n<figure class=\"wp-block-image\"><a href=\"https:\/\/www.woof-o.nl\/woof-o-walks\/\"><img loading=\"lazy\" decoding=\"async\" width=\"300\" height=\"200\" src=\"https:\/\/www.woof-o.nl\/wp-content\/uploads\/2020\/06\/STEF-7-300x200.jpg\" alt=\"\" class=\"wp-image-564\" srcset=\"https:\/\/www.woof-o.nl\/wp-content\/uploads\/2020\/06\/STEF-7-300x200.jpg 300w, https:\/\/www.woof-o.nl\/wp-content\/uploads\/2020\/06\/STEF-7-1024x683.jpg 1024w, https:\/\/www.woof-o.nl\/wp-content\/uploads\/2020\/06\/STEF-7-768x512.jpg 768w, https:\/\/www.woof-o.nl\/wp-content\/uploads\/2020\/06\/STEF-7-1536x1024.jpg 1536w, https:\/\/www.woof-o.nl\/wp-content\/uploads\/2020\/06\/STEF-7-2048x1366.jpg 2048w\" sizes=\"auto, (max-width: 300px) 100vw, 300px\" \/><\/a><\/figure>\n\n\n\n<p><\/p>\n\n\n\n<p>Bei woof-o beginnt jedes Abenteuer mit einem Schwanzwedeln!<\/p>\n\n\n\n<p>Du liebst deinen Hund \u2013 und m\u00f6chtest, dass er auch dann gl\u00fccklich, sicher und ausgeglichen ist, wenn du gerade nicht bei ihm sein kannst. Genau daf\u00fcr sind wir da!<\/p>\n\n\n\n<p>Bei woof-o erlebt dein Hund fr\u00f6hliche, sichere Spazierg\u00e4nge voller Entdeckungen, Bewegung und Hundegesellschaft \u2013 <strong>professionell begleitet<\/strong> und liebevoll gef\u00fchrt. W\u00e4hrend dein Vierbeiner drau\u00dfen Abenteuer erlebt, kannst du dich entspannt deiner Arbeit, Terminen oder einfach einer kleinen Auszeit widmen.<\/p>\n\n\n\n<p>Wir bieten individuell abgestimmte Betreuung f\u00fcr Hunde aus Amsterdam IJburg und Noord \u2013 mit Spazierg\u00e4ngen, die weit <strong>mehr sind als nur \u201eGassi gehen\u201c.<\/strong> Sie sind kleine Ausfl\u00fcge ins Gl\u00fcck \u2013 mit K\u00f6pfchen, Herz und viel Verst\u00e4ndnis f\u00fcr jedes einzelne Tier.<\/p>\n\n\n\n<p><a href=\"https:\/\/www.woof-o.nl\/woof-o-walks\/\"><i>&gt; Mehr erfahren<\/i><\/a><\/p>\n\n\n\n<h1 class=\"wp-block-heading\"><a href=\"https:\/\/www.woof-o.nl\/who-is-woof-o\/\"><b>\u00dcber mich<\/b><\/a><\/h1>\n\n\n\n<figure class=\"wp-block-image\"><a href=\"https:\/\/www.woof-o.nl\/who-is-woof-o\/\"><img loading=\"lazy\" decoding=\"async\" width=\"300\" height=\"200\" src=\"https:\/\/www.woof-o.nl\/wp-content\/uploads\/2020\/06\/STEF-13-300x200.jpg\" alt=\"\" class=\"wp-image-569\" srcset=\"https:\/\/www.woof-o.nl\/wp-content\/uploads\/2020\/06\/STEF-13-300x200.jpg 300w, https:\/\/www.woof-o.nl\/wp-content\/uploads\/2020\/06\/STEF-13-1024x683.jpg 1024w, https:\/\/www.woof-o.nl\/wp-content\/uploads\/2020\/06\/STEF-13-768x512.jpg 768w, https:\/\/www.woof-o.nl\/wp-content\/uploads\/2020\/06\/STEF-13-1536x1024.jpg 1536w, https:\/\/www.woof-o.nl\/wp-content\/uploads\/2020\/06\/STEF-13-2048x1365.jpg 2048w\" sizes=\"auto, (max-width: 300px) 100vw, 300px\" \/><\/a><\/figure>\n\n\n\n<p><\/p>\n\n\n\n<p><strong>Aus Liebe zum Hund.<\/strong><\/p>\n\n\n\n<p>Dieser Satz steht nicht zuf\u00e4llig unter dem Namen meines Unternehmens \u2013 er beschreibt, was woof-o antreibt. Es ist meine Mission, eine liebevolle Verbindung zwischen Mensch und Hund zu schaffen.<\/p>\n\n\n\n<p>Schon als Kind galt meine gr\u00f6\u00dfte Leidenschaft den Tieren \u2013 und ganz besonders den Hunden. Sie inspirieren mich jeden Tag aufs Neue. Hunde verdienen mehr als nur \u201eein Hundeleben\u201c \u2013 sie verdienen Verst\u00e4ndnis, Respekt und Freude. Genau daf\u00fcr setze ich mich ein.<\/p>\n\n\n\n<p><a href=\"https:\/\/www.woof-o.nl\/who-is-woof-o\/\"><i>&gt; Mehr erfahren<\/i><\/a><\/p>\n\n\n\n<h2 class=\"wp-block-heading\"><a href=\"https:\/\/www.woof-o.nl\/contact\/\"><strong>Kontakt<\/strong><\/a><\/h2>\n\n\n\n<p>Sie erreichen mich \u00fcber das <strong><a href=\"https:\/\/www.woof-o.nl\/contact\/\">Kontaktformular<\/a><\/strong>, per E-Mail <strong><a href=\"mailto:stef@woof-o.nl\">stef@woof-o.nl<\/a><\/strong> oder auf dem Handy\/WhatsApp unter <strong><a href=\"tel:+31611399779\">+31 (0) 6 113 99 77 9<\/a><\/strong>. Ich freue mich auf Sie.<\/p>\n\n\n\n<p>&nbsp;<\/p>\n","protected":false},"excerpt":{"rendered":"<p>woof-o school Jeder Hund ist einzigartig &#8211; genau wie jeder Mensch. Deshalb ist Coaching bei woof-o immer individuell. Wir schauen nicht nur auf das sichtbare Verhalten, sondern auch auf die Emotionen dahinter. H\u00e4ufig ist sogenanntes \u201eProblemverhalten\u201c in Wahrheit ein Signal f\u00fcr Unsicherheit, \u00dcberforderung oder Frustration. Mit diesem Verst\u00e4ndnis schaffen wir die Grundlage f\u00fcr effektives, freundliches &hellip; <\/p>\n<p class=\"link-more\"><a href=\"https:\/\/www.woof-o.nl\/de\/\" class=\"more-link\"><span class=\"screen-reader-text\">\u201eWillkommen\u201c <\/span>weiterlesen<\/a><\/p>\n","protected":false},"author":1,"featured_media":0,"parent":0,"menu_order":0,"comment_status":"closed","ping_status":"closed","template":"","meta":{"footnotes":""},"class_list":["post-4","page","type-page","status-publish","hentry"],"translation":{"provider":"WPGlobus","version":"3.0.2","language":"de","enabled_languages":["nl","en","de"],"languages":{"nl":{"title":true,"content":true,"excerpt":false},"en":{"title":true,"content":true,"excerpt":false},"de":{"title":true,"content":true,"excerpt":false}}},"yoast_head":"<!-- This site is optimized with the Yoast SEO plugin v27.5 - https:\/\/yoast.com\/product\/yoast-seo-wordpress\/ -->\n<title>Willkommen - woof-o<\/title>\n<meta name=\"description\" content=\"woof-o bietet Gassi-Service und Hilfe bei Erziehung oder Verhaltensproblemen Ihres Hundes mit Augenmerk auf das Tierwohl.\" \/>\n<meta name=\"robots\" content=\"index, follow, max-snippet:-1, max-image-preview:large, max-video-preview:-1\" \/>\n<link rel=\"canonical\" href=\"https:\/\/www.woof-o.nl\/\" \/>\n<meta property=\"og:locale\" content=\"de_DE\" \/>\n<meta property=\"og:type\" content=\"article\" \/>\n<meta property=\"og:title\" content=\"Willkommen - woof-o\" \/>\n<meta property=\"og:description\" content=\"woof-o bietet Gassi-Service und Hilfe bei Erziehung oder Verhaltensproblemen Ihres Hundes mit Augenmerk auf das Tierwohl.\" \/>\n<meta property=\"og:url\" content=\"https:\/\/www.woof-o.nl\/\" \/>\n<meta property=\"og:site_name\" content=\"woof-o\" \/>\n<meta property=\"article:modified_time\" content=\"2025-10-11T07:06:56+00:00\" \/>\n<meta property=\"og:image\" content=\"https:\/\/www.woof-o.nl\/wp-content\/uploads\/2025\/10\/STEF-kopie-scaled.jpg\" \/>\n\t<meta property=\"og:image:width\" content=\"2560\" \/>\n\t<meta property=\"og:image:height\" content=\"1707\" \/>\n\t<meta property=\"og:image:type\" content=\"image\/jpeg\" \/>\n<meta name=\"twitter:card\" content=\"summary_large_image\" \/>\n<meta name=\"twitter:label1\" content=\"Gesch\u00e4tzte Lesezeit\" \/>\n\t<meta name=\"twitter:data1\" content=\"3\u00a0Minuten\" \/>\n<script type=\"application\/ld+json\" class=\"yoast-schema-graph\">{\"@context\":\"https:\\\/\\\/schema.org\",\"@graph\":[{\"@type\":\"WebPage\",\"@id\":\"https:\\\/\\\/www.woof-o.nl\\\/\",\"url\":\"https:\\\/\\\/www.woof-o.nl\\\/\",\"name\":\"Willkommen - woof-o\",\"isPartOf\":{\"@id\":\"https:\\\/\\\/www.woof-o.nl\\\/de\\\/#website\"},\"primaryImageOfPage\":{\"@id\":\"https:\\\/\\\/www.woof-o.nl\\\/#primaryimage\"},\"image\":{\"@id\":\"https:\\\/\\\/www.woof-o.nl\\\/#primaryimage\"},\"thumbnailUrl\":\"https:\\\/\\\/www.woof-o.nl\\\/wp-content\\\/uploads\\\/2025\\\/10\\\/STEF-kopie-300x200.jpg\",\"datePublished\":\"2018-12-19T11:29:29+00:00\",\"dateModified\":\"2025-10-11T07:06:56+00:00\",\"description\":\"woof-o bietet Gassi-Service und Hilfe bei Erziehung oder Verhaltensproblemen Ihres Hundes mit Augenmerk auf das Tierwohl.\",\"breadcrumb\":{\"@id\":\"https:\\\/\\\/www.woof-o.nl\\\/#breadcrumb\"},\"inLanguage\":\"de\",\"potentialAction\":[{\"@type\":\"ReadAction\",\"target\":[\"https:\\\/\\\/www.woof-o.nl\\\/\"]}]},{\"@type\":\"ImageObject\",\"inLanguage\":\"de\",\"@id\":\"https:\\\/\\\/www.woof-o.nl\\\/#primaryimage\",\"url\":\"https:\\\/\\\/www.woof-o.nl\\\/wp-content\\\/uploads\\\/2025\\\/10\\\/STEF-kopie-300x200.jpg\",\"contentUrl\":\"https:\\\/\\\/www.woof-o.nl\\\/wp-content\\\/uploads\\\/2025\\\/10\\\/STEF-kopie-300x200.jpg\"},{\"@type\":\"BreadcrumbList\",\"@id\":\"https:\\\/\\\/www.woof-o.nl\\\/#breadcrumb\",\"itemListElement\":[{\"@type\":\"ListItem\",\"position\":1,\"name\":\"Home\",\"item\":\"https:\\\/\\\/www.woof-o.nl\\\/\"},{\"@type\":\"ListItem\",\"position\":2,\"name\":\"Willkommen\"}]},{\"@type\":\"WebSite\",\"@id\":\"https:\\\/\\\/www.woof-o.nl\\\/de\\\/#website\",\"url\":\"https:\\\/\\\/www.woof-o.nl\\\/de\\\/\",\"name\":\"woof-o\",\"description\":\"Hunde ausf\u00fchren und erziehen\",\"publisher\":{\"@id\":\"https:\\\/\\\/www.woof-o.nl\\\/de\\\/#\\\/schema\\\/person\\\/a335f1f0e74e80f9089df8b856843c78\"},\"potentialAction\":[{\"@type\":\"SearchAction\",\"target\":{\"@type\":\"EntryPoint\",\"urlTemplate\":\"https:\\\/\\\/www.woof-o.nl\\\/de\\\/?s={search_term_string}\"},\"query-input\":{\"@type\":\"PropertyValueSpecification\",\"valueRequired\":true,\"valueName\":\"search_term_string\"}}],\"inLanguage\":\"de\"},{\"@type\":[\"Person\",\"Organization\"],\"@id\":\"https:\\\/\\\/www.woof-o.nl\\\/de\\\/#\\\/schema\\\/person\\\/a335f1f0e74e80f9089df8b856843c78\",\"name\":\"Stefanie Blomberg\",\"image\":{\"@type\":\"ImageObject\",\"inLanguage\":\"de\",\"@id\":\"https:\\\/\\\/www.woof-o.nl\\\/wp-content\\\/uploads\\\/2019\\\/01\\\/IMG-20180617-WA0003.jpg\",\"url\":\"https:\\\/\\\/www.woof-o.nl\\\/wp-content\\\/uploads\\\/2019\\\/01\\\/IMG-20180617-WA0003.jpg\",\"contentUrl\":\"https:\\\/\\\/www.woof-o.nl\\\/wp-content\\\/uploads\\\/2019\\\/01\\\/IMG-20180617-WA0003.jpg\",\"width\":1200,\"height\":1600,\"caption\":\"Stefanie Blomberg\"},\"logo\":{\"@id\":\"https:\\\/\\\/www.woof-o.nl\\\/wp-content\\\/uploads\\\/2019\\\/01\\\/IMG-20180617-WA0003.jpg\"}}]}<\/script>\n<!-- \/ Yoast SEO plugin. -->","yoast_head_json":{"title":"Willkommen - woof-o","description":"woof-o bietet Gassi-Service und Hilfe bei Erziehung oder Verhaltensproblemen Ihres Hundes mit Augenmerk auf das Tierwohl.","robots":{"index":"index","follow":"follow","max-snippet":"max-snippet:-1","max-image-preview":"max-image-preview:large","max-video-preview":"max-video-preview:-1"},"canonical":"https:\/\/www.woof-o.nl\/","og_locale":"de_DE","og_type":"article","og_title":"Willkommen - woof-o","og_description":"woof-o bietet Gassi-Service und Hilfe bei Erziehung oder Verhaltensproblemen Ihres Hundes mit Augenmerk auf das Tierwohl.","og_url":"https:\/\/www.woof-o.nl\/","og_site_name":"woof-o","article_modified_time":"2025-10-11T07:06:56+00:00","og_image":[{"width":2560,"height":1707,"url":"https:\/\/www.woof-o.nl\/wp-content\/uploads\/2025\/10\/STEF-kopie-scaled.jpg","type":"image\/jpeg"}],"twitter_card":"summary_large_image","twitter_misc":{"Gesch\u00e4tzte Lesezeit":"3\u00a0Minuten"},"schema":{"@context":"https:\/\/schema.org","@graph":[{"@type":"WebPage","@id":"https:\/\/www.woof-o.nl\/","url":"https:\/\/www.woof-o.nl\/","name":"Willkommen - woof-o","isPartOf":{"@id":"https:\/\/www.woof-o.nl\/de\/#website"},"primaryImageOfPage":{"@id":"https:\/\/www.woof-o.nl\/#primaryimage"},"image":{"@id":"https:\/\/www.woof-o.nl\/#primaryimage"},"thumbnailUrl":"https:\/\/www.woof-o.nl\/wp-content\/uploads\/2025\/10\/STEF-kopie-300x200.jpg","datePublished":"2018-12-19T11:29:29+00:00","dateModified":"2025-10-11T07:06:56+00:00","description":"woof-o bietet Gassi-Service und Hilfe bei Erziehung oder Verhaltensproblemen Ihres Hundes mit Augenmerk auf das Tierwohl.","breadcrumb":{"@id":"https:\/\/www.woof-o.nl\/#breadcrumb"},"inLanguage":"de","potentialAction":[{"@type":"ReadAction","target":["https:\/\/www.woof-o.nl\/"]}]},{"@type":"ImageObject","inLanguage":"de","@id":"https:\/\/www.woof-o.nl\/#primaryimage","url":"https:\/\/www.woof-o.nl\/wp-content\/uploads\/2025\/10\/STEF-kopie-300x200.jpg","contentUrl":"https:\/\/www.woof-o.nl\/wp-content\/uploads\/2025\/10\/STEF-kopie-300x200.jpg"},{"@type":"BreadcrumbList","@id":"https:\/\/www.woof-o.nl\/#breadcrumb","itemListElement":[{"@type":"ListItem","position":1,"name":"Home","item":"https:\/\/www.woof-o.nl\/"},{"@type":"ListItem","position":2,"name":"Willkommen"}]},{"@type":"WebSite","@id":"https:\/\/www.woof-o.nl\/de\/#website","url":"https:\/\/www.woof-o.nl\/de\/","name":"woof-o","description":"Hunde ausf\u00fchren und erziehen","publisher":{"@id":"https:\/\/www.woof-o.nl\/de\/#\/schema\/person\/a335f1f0e74e80f9089df8b856843c78"},"potentialAction":[{"@type":"SearchAction","target":{"@type":"EntryPoint","urlTemplate":"https:\/\/www.woof-o.nl\/de\/?s={search_term_string}"},"query-input":{"@type":"PropertyValueSpecification","valueRequired":true,"valueName":"search_term_string"}}],"inLanguage":"de"},{"@type":["Person","Organization"],"@id":"https:\/\/www.woof-o.nl\/de\/#\/schema\/person\/a335f1f0e74e80f9089df8b856843c78","name":"Stefanie Blomberg","image":{"@type":"ImageObject","inLanguage":"de","@id":"https:\/\/www.woof-o.nl\/wp-content\/uploads\/2019\/01\/IMG-20180617-WA0003.jpg","url":"https:\/\/www.woof-o.nl\/wp-content\/uploads\/2019\/01\/IMG-20180617-WA0003.jpg","contentUrl":"https:\/\/www.woof-o.nl\/wp-content\/uploads\/2019\/01\/IMG-20180617-WA0003.jpg","width":1200,"height":1600,"caption":"Stefanie Blomberg"},"logo":{"@id":"https:\/\/www.woof-o.nl\/wp-content\/uploads\/2019\/01\/IMG-20180617-WA0003.jpg"}}]}},"_links":{"self":[{"href":"https:\/\/www.woof-o.nl\/de\/wp-json\/wp\/v2\/pages\/4","targetHints":{"allow":["GET"]}}],"collection":[{"href":"https:\/\/www.woof-o.nl\/de\/wp-json\/wp\/v2\/pages"}],"about":[{"href":"https:\/\/www.woof-o.nl\/de\/wp-json\/wp\/v2\/types\/page"}],"author":[{"embeddable":true,"href":"https:\/\/www.woof-o.nl\/de\/wp-json\/wp\/v2\/users\/1"}],"replies":[{"embeddable":true,"href":"https:\/\/www.woof-o.nl\/de\/wp-json\/wp\/v2\/comments?post=4"}],"version-history":[{"count":240,"href":"https:\/\/www.woof-o.nl\/de\/wp-json\/wp\/v2\/pages\/4\/revisions"}],"predecessor-version":[{"id":1526,"href":"https:\/\/www.woof-o.nl\/de\/wp-json\/wp\/v2\/pages\/4\/revisions\/1526"}],"wp:attachment":[{"href":"https:\/\/www.woof-o.nl\/de\/wp-json\/wp\/v2\/media?parent=4"}],"curies":[{"name":"wp","href":"https:\/\/api.w.org\/{rel}","templated":true}]}}