{"id":979,"date":"2023-09-17T15:06:43","date_gmt":"2023-09-17T13:06:43","guid":{"rendered":"https:\/\/www.woof-o.nl\/?page_id=979"},"modified":"2025-10-10T11:21:33","modified_gmt":"2025-10-10T09:21:33","slug":"klachten-calamiteiten","status":"publish","type":"page","link":"https:\/\/www.woof-o.nl\/de\/klachten-calamiteiten\/","title":{"rendered":"Beanstandungen &#038; Pannen"},"content":{"rendered":"<h1><em>Beanstandung<\/em><\/h1>\n<p>woof-o ist immer bestrebt, den allerbesten Service zu bieten.<br \/>\nSollte es doch einmal Grund zur Beanstandung geben, k\u00f6nnen Sie diese melden und \/ oder offiziell einreichen.<\/p>\n<h3><u>Melden\/Beschwerde einreichen<\/u><\/h3>\n<p>Sie k\u00f6nnen Ihre Beanstandung m\u00fcndlich oder telefonisch durchgeben an Stefanie Blomberg unter der Nummer <a href=\"tel:+31611399779\">06-11399779<\/a><\/p>\n<p>Das formelle Einreichen einer Beschwerde bitte schriftlich an Stefanie Blomberg, Emailadresse <a href=\"mailto:stef@woof-o.nl\">stef@woof-o.nl<\/a><\/p>\n<h3><u>Registrierung und Abhandlung<\/u><\/h3>\n<p>Nach dem Einreichen Ihrer Beschwerde werde ich Ihnen innerhalb von maximaal 4 Wochen eine inhaltliche Stellungnahme zusenden.<\/p>\n<h3><u>Beanstandung nicht wie gew\u00fcnscht behandelt?<\/u><\/h3>\n<p>Sollte Ihre Beanstandung nicht wie gew\u00fcnscht behandlet werden, k\u00f6nnen Sie sich an die <a href=\"https:\/\/www.sppd.nl\/klachtenprocedure.html\" target=\"_blank\" rel=\"noopener\">Brancheorganisatie SPPD <\/a>wenden.<\/p>\n<h2><strong><em>Risiken und Vorbeugung<\/em><\/strong><\/h2>\n<h3><u>Autopanne<\/u><\/h3>\n<p>Im Falle einer Panne mit dem Bus werde ich schnellstm\u00f6glich f\u00fcr Ersatz sorgen.<br \/>\nDas Fahrzeug ist nat\u00fcrlich versichert und wird direkt in die Werkstatt gebracht.<\/p>\n<h3><u>Hitze<\/u><\/h3>\n<p>Ich sorge in jedem Falle f\u00fcr ausreichenden Schutz der Hunde vor \u00dcberhitzung oder Unterk\u00fchlung.<\/p>\n<p>Der Bus ist mit einer Klimaanlage und Ventilation ausgestattet.<\/p>\n<p>Ausserdem handhabt woof-o ein Hitzeprotokoll das sowohl bei einem Aufnahmegespr\u00e4ch als auch zu Beginn eines jeden Sommers an alle Kunden verschickt wird.<\/p>\n<h3><u>Bei\u00dferei<\/u><\/h3>\n<p>Nach einer Bei\u00dferei werden die betreffenden Hunde schnellstm\u00f6glich isoliert und dann auf m\u00f6gliche Wunden kontrolliert. Sollte es n\u00f6tig sein, fahre ich direkt zum n\u00e4chstgelegenen Tierarzt. Die Besitzer der betroffenen Hund werden umgehen informiert. Sollte es zeitlich m\u00f6glich sein, wird vorab der Tierarztbesuch besprochen. In diesem Fall kann ich auch den Tierarzt nach Wahl anfahren.<\/p>\n<h3><u>Verwun<\/u><u>dungen oder Unbehagen<\/u><\/h3>\n<p><span style=\"font-size: 1rem;\">Ich sehe Ihre Hunde t\u00e4glich oder mindestens w\u00f6chentlich. Daher fallen mir \u00c4nderungen in der K\u00f6rperhaltung oder im Bewegungsablauf schnell auf. Diese, wie auch Unbehagen oder Verwundungen werde ich noch am selben Tag m\u00fcndlich oder schriftlich an den entsprechenden Eigent\u00fcmer melden.<\/span><\/p>\n<h3><u>Verlorengehen<\/u><\/h3>\n<p>\u00c4ngstliche Hunde oder Hunde, die sich gern einmal selbsst\u00e4ndig machen bleiben w\u00e4hren des Ausf\u00fchrens an der langen Leine.<br \/>\nHunde, bei denen Fluchtgefahr besteht, werden ausserdem mit einem Track &amp; Trace ausgestattet.<\/p>\n<p>Sollte es doch vorkommen, dass ein Hund verloren geht, ergreife ich folgende Ma\u00dfnahmen:<\/p>\n<ul>\n<li>Ich versuche, den Hund selbst zu finden, nehme aber direkt Kontakt zu dem betreffendend Eigent\u00fcmer auf.<\/li>\n<li>W\u00e4hrend der Suche stehe ich mittels verschiedener App- und Facebookgruppen in st\u00e4ndigem Kontakt mit anderen Menschen in dem betreffenen Gebiet .<\/li>\n<li>Sollte der Hund nicht innerhalb einer akzeptabelen Zeit gefunden werden, gebe ich bei allen umliegenden Dierenambulances eine Vermisstenmeldung auf, schalte Aufrufe in den sozialen Medien und engagiere eventuell ein Suchteam.<\/li>\n<\/ul>\n","protected":false},"excerpt":{"rendered":"<p>Beanstandung woof-o ist immer bestrebt, den allerbesten Service zu bieten. Sollte es doch einmal Grund zur Beanstandung geben, k\u00f6nnen Sie diese melden und \/ oder offiziell einreichen. Melden\/Beschwerde einreichen Sie k\u00f6nnen Ihre Beanstandung m\u00fcndlich oder telefonisch durchgeben an Stefanie Blomberg unter der Nummer 06-11399779 Das formelle Einreichen einer Beschwerde bitte schriftlich an Stefanie Blomberg, Emailadresse &hellip; <\/p>\n<p class=\"link-more\"><a href=\"https:\/\/www.woof-o.nl\/de\/klachten-calamiteiten\/\" class=\"more-link\"><span class=\"screen-reader-text\">\u201eBeanstandungen &#038; Pannen\u201c <\/span>weiterlesen<\/a><\/p>\n","protected":false},"author":1,"featured_media":0,"parent":0,"menu_order":0,"comment_status":"closed","ping_status":"closed","template":"","meta":{"footnotes":""},"class_list":["post-979","page","type-page","status-publish","hentry"],"translation":{"provider":"WPGlobus","version":"3.0.2","language":"de","enabled_languages":["nl","en","de"],"languages":{"nl":{"title":true,"content":true,"excerpt":false},"en":{"title":true,"content":true,"excerpt":false},"de":{"title":true,"content":true,"excerpt":false}}},"yoast_head":"<!-- This site is optimized with the Yoast SEO plugin v27.6 - https:\/\/yoast.com\/product\/yoast-seo-wordpress\/ -->\n<title>Beanstandungen &amp; Pannen - woof-o<\/title>\n<meta name=\"description\" content=\"woof-o strebt nach dem allerbesten Service. Aber es kann nat\u00fcrlich einmal Grund zur Beanstandung geben. Was dann?\" \/>\n<meta name=\"robots\" content=\"index, follow, max-snippet:-1, max-image-preview:large, max-video-preview:-1\" \/>\n<link rel=\"canonical\" href=\"https:\/\/www.woof-o.nl\/klachten-calamiteiten\/\" \/>\n<meta property=\"og:locale\" content=\"de_DE\" \/>\n<meta property=\"og:type\" content=\"article\" \/>\n<meta property=\"og:title\" content=\"Beanstandungen &amp; Pannen - woof-o\" \/>\n<meta property=\"og:description\" content=\"woof-o strebt nach dem allerbesten Service. Aber es kann nat\u00fcrlich einmal Grund zur Beanstandung geben. Was dann?\" \/>\n<meta property=\"og:url\" content=\"https:\/\/www.woof-o.nl\/klachten-calamiteiten\/\" \/>\n<meta property=\"og:site_name\" content=\"woof-o\" \/>\n<meta property=\"article:modified_time\" content=\"2025-10-10T09:21:33+00:00\" \/>\n<meta name=\"twitter:card\" content=\"summary_large_image\" \/>\n<meta name=\"twitter:label1\" content=\"Gesch\u00e4tzte Lesezeit\" \/>\n\t<meta name=\"twitter:data1\" content=\"3\u00a0Minuten\" \/>\n<script type=\"application\/ld+json\" class=\"yoast-schema-graph\">{\"@context\":\"https:\\\/\\\/schema.org\",\"@graph\":[{\"@type\":\"WebPage\",\"@id\":\"https:\\\/\\\/www.woof-o.nl\\\/klachten-calamiteiten\\\/\",\"url\":\"https:\\\/\\\/www.woof-o.nl\\\/klachten-calamiteiten\\\/\",\"name\":\"Beanstandungen & Pannen - woof-o\",\"isPartOf\":{\"@id\":\"https:\\\/\\\/www.woof-o.nl\\\/de\\\/#website\"},\"datePublished\":\"2023-09-17T13:06:43+00:00\",\"dateModified\":\"2025-10-10T09:21:33+00:00\",\"breadcrumb\":{\"@id\":\"https:\\\/\\\/www.woof-o.nl\\\/klachten-calamiteiten\\\/#breadcrumb\"},\"inLanguage\":\"de\",\"potentialAction\":[{\"@type\":\"ReadAction\",\"target\":[\"https:\\\/\\\/www.woof-o.nl\\\/klachten-calamiteiten\\\/\"]}]},{\"@type\":\"BreadcrumbList\",\"@id\":\"https:\\\/\\\/www.woof-o.nl\\\/klachten-calamiteiten\\\/#breadcrumb\",\"itemListElement\":[{\"@type\":\"ListItem\",\"position\":1,\"name\":\"Home\",\"item\":\"https:\\\/\\\/www.woof-o.nl\\\/\"},{\"@type\":\"ListItem\",\"position\":2,\"name\":\"Klachten &#038; Calamiteiten\"}]},{\"@type\":\"WebSite\",\"@id\":\"https:\\\/\\\/www.woof-o.nl\\\/de\\\/#website\",\"url\":\"https:\\\/\\\/www.woof-o.nl\\\/de\\\/\",\"name\":\"woof-o\",\"description\":\"Hunde ausf\u00fchren und erziehen\",\"publisher\":{\"@id\":\"https:\\\/\\\/www.woof-o.nl\\\/de\\\/#\\\/schema\\\/person\\\/a335f1f0e74e80f9089df8b856843c78\"},\"potentialAction\":[{\"@type\":\"SearchAction\",\"target\":{\"@type\":\"EntryPoint\",\"urlTemplate\":\"https:\\\/\\\/www.woof-o.nl\\\/de\\\/?s={search_term_string}\"},\"query-input\":{\"@type\":\"PropertyValueSpecification\",\"valueRequired\":true,\"valueName\":\"search_term_string\"}}],\"inLanguage\":\"de\"},{\"@type\":[\"Person\",\"Organization\"],\"@id\":\"https:\\\/\\\/www.woof-o.nl\\\/de\\\/#\\\/schema\\\/person\\\/a335f1f0e74e80f9089df8b856843c78\",\"name\":\"Stefanie Blomberg\",\"image\":{\"@type\":\"ImageObject\",\"inLanguage\":\"de\",\"@id\":\"https:\\\/\\\/www.woof-o.nl\\\/wp-content\\\/uploads\\\/2019\\\/01\\\/IMG-20180617-WA0003.jpg\",\"url\":\"https:\\\/\\\/www.woof-o.nl\\\/wp-content\\\/uploads\\\/2019\\\/01\\\/IMG-20180617-WA0003.jpg\",\"contentUrl\":\"https:\\\/\\\/www.woof-o.nl\\\/wp-content\\\/uploads\\\/2019\\\/01\\\/IMG-20180617-WA0003.jpg\",\"width\":1200,\"height\":1600,\"caption\":\"Stefanie Blomberg\"},\"logo\":{\"@id\":\"https:\\\/\\\/www.woof-o.nl\\\/wp-content\\\/uploads\\\/2019\\\/01\\\/IMG-20180617-WA0003.jpg\"}}]}<\/script>\n<!-- \/ Yoast SEO plugin. -->","yoast_head_json":{"title":"Beanstandungen & Pannen - woof-o","description":"woof-o strebt nach dem allerbesten Service. Aber es kann nat\u00fcrlich einmal Grund zur Beanstandung geben. Was dann?","robots":{"index":"index","follow":"follow","max-snippet":"max-snippet:-1","max-image-preview":"max-image-preview:large","max-video-preview":"max-video-preview:-1"},"canonical":"https:\/\/www.woof-o.nl\/klachten-calamiteiten\/","og_locale":"de_DE","og_type":"article","og_title":"Beanstandungen & Pannen - woof-o","og_description":"woof-o strebt nach dem allerbesten Service. Aber es kann nat\u00fcrlich einmal Grund zur Beanstandung geben. Was dann?","og_url":"https:\/\/www.woof-o.nl\/klachten-calamiteiten\/","og_site_name":"woof-o","article_modified_time":"2025-10-10T09:21:33+00:00","twitter_card":"summary_large_image","twitter_misc":{"Gesch\u00e4tzte Lesezeit":"3\u00a0Minuten"},"schema":{"@context":"https:\/\/schema.org","@graph":[{"@type":"WebPage","@id":"https:\/\/www.woof-o.nl\/klachten-calamiteiten\/","url":"https:\/\/www.woof-o.nl\/klachten-calamiteiten\/","name":"Beanstandungen & Pannen - woof-o","isPartOf":{"@id":"https:\/\/www.woof-o.nl\/de\/#website"},"datePublished":"2023-09-17T13:06:43+00:00","dateModified":"2025-10-10T09:21:33+00:00","breadcrumb":{"@id":"https:\/\/www.woof-o.nl\/klachten-calamiteiten\/#breadcrumb"},"inLanguage":"de","potentialAction":[{"@type":"ReadAction","target":["https:\/\/www.woof-o.nl\/klachten-calamiteiten\/"]}]},{"@type":"BreadcrumbList","@id":"https:\/\/www.woof-o.nl\/klachten-calamiteiten\/#breadcrumb","itemListElement":[{"@type":"ListItem","position":1,"name":"Home","item":"https:\/\/www.woof-o.nl\/"},{"@type":"ListItem","position":2,"name":"Klachten &#038; Calamiteiten"}]},{"@type":"WebSite","@id":"https:\/\/www.woof-o.nl\/de\/#website","url":"https:\/\/www.woof-o.nl\/de\/","name":"woof-o","description":"Hunde ausf\u00fchren und erziehen","publisher":{"@id":"https:\/\/www.woof-o.nl\/de\/#\/schema\/person\/a335f1f0e74e80f9089df8b856843c78"},"potentialAction":[{"@type":"SearchAction","target":{"@type":"EntryPoint","urlTemplate":"https:\/\/www.woof-o.nl\/de\/?s={search_term_string}"},"query-input":{"@type":"PropertyValueSpecification","valueRequired":true,"valueName":"search_term_string"}}],"inLanguage":"de"},{"@type":["Person","Organization"],"@id":"https:\/\/www.woof-o.nl\/de\/#\/schema\/person\/a335f1f0e74e80f9089df8b856843c78","name":"Stefanie Blomberg","image":{"@type":"ImageObject","inLanguage":"de","@id":"https:\/\/www.woof-o.nl\/wp-content\/uploads\/2019\/01\/IMG-20180617-WA0003.jpg","url":"https:\/\/www.woof-o.nl\/wp-content\/uploads\/2019\/01\/IMG-20180617-WA0003.jpg","contentUrl":"https:\/\/www.woof-o.nl\/wp-content\/uploads\/2019\/01\/IMG-20180617-WA0003.jpg","width":1200,"height":1600,"caption":"Stefanie Blomberg"},"logo":{"@id":"https:\/\/www.woof-o.nl\/wp-content\/uploads\/2019\/01\/IMG-20180617-WA0003.jpg"}}]}},"_links":{"self":[{"href":"https:\/\/www.woof-o.nl\/de\/wp-json\/wp\/v2\/pages\/979","targetHints":{"allow":["GET"]}}],"collection":[{"href":"https:\/\/www.woof-o.nl\/de\/wp-json\/wp\/v2\/pages"}],"about":[{"href":"https:\/\/www.woof-o.nl\/de\/wp-json\/wp\/v2\/types\/page"}],"author":[{"embeddable":true,"href":"https:\/\/www.woof-o.nl\/de\/wp-json\/wp\/v2\/users\/1"}],"replies":[{"embeddable":true,"href":"https:\/\/www.woof-o.nl\/de\/wp-json\/wp\/v2\/comments?post=979"}],"version-history":[{"count":17,"href":"https:\/\/www.woof-o.nl\/de\/wp-json\/wp\/v2\/pages\/979\/revisions"}],"predecessor-version":[{"id":1457,"href":"https:\/\/www.woof-o.nl\/de\/wp-json\/wp\/v2\/pages\/979\/revisions\/1457"}],"wp:attachment":[{"href":"https:\/\/www.woof-o.nl\/de\/wp-json\/wp\/v2\/media?parent=979"}],"curies":[{"name":"wp","href":"https:\/\/api.w.org\/{rel}","templated":true}]}}